{"id":81,"date":"2021-11-22T12:08:48","date_gmt":"2021-11-22T09:08:48","guid":{"rendered":"https:\/\/www.doktorkbb.com\/ar\/?page_id=81"},"modified":"2022-01-31T09:48:38","modified_gmt":"2022-01-31T06:48:38","slug":"%d8%a8%d8%b4%d8%a3%d9%86","status":"publish","type":"page","link":"https:\/\/www.doktorkbb.com\/ar\/%d8%a8%d8%b4%d8%a3%d9%86\/","title":{"rendered":"\u0628\u0634\u0623\u0646"},"content":{"rendered":"<div id=\"_060725921683202231\" class=\"m_content item gs-w minHeight\" data-col=\"1\" data-row=\"1\" data-sizex=\"12\" data-sizey=\"3\">\n<h2 class=\"m_context\"><strong>\u0633\u064a\u0631\u0629 \u0634\u062e\u0635\u064a\u0629<\/strong><\/h2>\n<\/div>\n<div id=\"_048304610707244482\" class=\"m_content item gs-w\" data-col=\"1\" data-row=\"4\" data-sizex=\"13\" data-sizey=\"26\">\n<div class=\"m_context\">\n<p>\u062a\u062e\u0631\u062c \u0627\u0644\u0627\u062e\u0635\u0627\u0626\u064a \u0627\u0644\u062f\u0643\u0646\u0648\u0631 \u0627\u062f\u0647\u0645 \u0634\u0627\u0647\u064a\u0646 \u0645\u0646 \u0643\u0644\u064a\u0629 \u0627\u0644\u0637\u0628 \u0628\u062c\u0627\u0645\u0639\u0629 \u0623\u0646\u0642\u0631\u0629 \u0648\u0623\u0643\u0645\u0644 \u062a\u062f\u0631\u064a\u0628\u0647 \u0627\u0644\u062a\u062e\u0635\u0635\u064a \u0641\u064a \u0645\u0634\u0641\u064a \u062f.\u0633\u0639\u062f\u064a \u0643\u0648\u0646\u0648\u0643 \u0644\u0644\u062a\u062f\u0631\u064a\u0628 \u0648\u0627\u0644\u0628\u062d\u062b \u0641\u064a \u0639\u064a\u0627\u062f\u0629 \u0627\u0644\u0623\u0646\u0641 \u0648\u0627\u0644\u0623\u0630\u0646 \u0648\u0627\u0644\u062d\u0646\u062c\u0631\u0629.<\/p>\n<p>\u0641\u064a \u0639\u0627\u0645 2005 \u060c \u0642\u0627\u0645 \u0628\u0645\u0639\u0627\u064a\u0646\u0627\u062a \u0648\u0645\u0644\u0627\u062d\u0638\u0627\u062a \u062d\u0648\u0644 \u0637\u0628 \u0627\u0644\u0623\u0646\u0641 \u0648\u062a\u062c\u0645\u064a\u0644 \u0627\u0644\u0648\u062c\u0647 \u0641\u064a \u0643\u0644\u064a\u0629 \u0627\u0644\u0637\u0628 \u0628\u062c\u0627\u0645\u0639\u0629 \u0645\u064a\u0627\u0645\u064a \u0642\u0633\u0645 \u0637\u0628 \u0627\u0644\u0623\u0646\u0641 \u0648\u0627\u0644\u0623\u0630\u0646 \u0648\u0627\u0644\u062d\u0646\u062c\u0631\u0629 \u060c \u0648\u0642\u0627\u0645 \u0628\u0645\u0639\u0627\u064a\u0646\u0627\u062a \u0641\u064a \u062c\u0631\u0627\u062d\u0629 \u0627\u0644\u0634\u062e\u064a\u0631 \u0648\u062c\u0631\u0627\u062d\u0629 OSAS \u0641\u064a \u0639\u064a\u0627\u062f\u0629 \u0628\u0627\u0646 \u0641\u064a \u0643\u0648\u0644\u0648\u0646\u064a\u0627. \u0623\u0643\u0645\u0644 \u0627\u0644\u062f\u0643\u062a\u0648\u0631 \u0627\u062f\u0647\u0645 \u0634\u0627\u0647\u064a\u0646 \u0641\u064a \u0646\u0641\u0633 \u0627\u0644\u0639\u0627\u0645 \u062a\u062f\u0631\u064a\u0628\u0647 \u0627\u0644\u062a\u062e\u0635\u0635\u064a \u0641\u064a \u0645\u0633\u062a\u0634\u0641\u0649 \u062f.\u0633\u0639\u062f\u064a \u0643\u0648\u0646\u0648\u0643 \u0644\u0644\u062a\u062f\u0631\u064a\u0628 \u0648\u0627\u0644\u0628\u062d\u062b \u0639\u064a\u0627\u062f\u0629 \u0627\u0644\u0623\u0646\u0641 \u0648\u0627\u0644\u0623\u0630\u0646 \u0648\u0627\u0644\u062d\u0646\u062c\u0631\u0629.<\/p>\n<p>\u0628\u062f\u0623 \u0627\u0644\u062f\u0643\u062a\u0648\u0631 \u0634\u0627\u0647\u064a\u0646 \u0627\u0644\u0639\u0645\u0644 \u0643\u0645\u062f\u0631\u0633 \u0641\u064a \u0643\u0644\u064a\u0629 \u0627\u0644\u0637\u0628 \u0628\u062c\u0627\u0645\u0639\u0629 \u0645\u0627\u0644\u062a\u064a\u0628\u0647 \u0641\u064a \u0642\u0633\u0645 \u0627\u0644\u0623\u0646\u0641 \u0648\u0627\u0644\u0623\u0630\u0646 \u0648\u0627\u0644\u062d\u0646\u062c\u0631\u0629 \u0641\u064a \u0639\u0627\u0645 2006 \u060c \u0648\u0628\u062f\u0623 \u0627\u0644\u0639\u0645\u0644 \u0641\u064a \u0645\u0633\u062a\u0634\u0641\u0649 \u0628\u0627\u064a\u0646\u062f\u064a\u0631 \u0625\u064a\u0634\u0631\u064a\u0646\u0643\u0648\u064a \u0641\u064a \u0639\u0627\u0645 2009.<\/p>\n<p>\u0648\u0647\u0648 \u0639\u0636\u0648 \u0641\u064a \u0627\u0644\u062c\u0645\u0639\u064a\u0629 \u0627\u0644\u062a\u0631\u0643\u064a\u0629 \u0644\u0637\u0628 \u0627\u0644\u0623\u0646\u0641 \u0648\u0627\u0644\u0623\u0630\u0646 \u0648\u0627\u0644\u062d\u0646\u062c\u0631\u0629 \u0648\u062c\u0631\u0627\u062d\u0629 \u0627\u0644\u0631\u0623\u0633 \u0648\u0627\u0644\u0631\u0642\u0628\u0629 \u060c \u0648\u0627\u0644\u062c\u0645\u0639\u064a\u0629 \u0627\u0644\u062a\u0631\u0643\u064a\u0629 \u0644\u0637\u0628 \u0627\u0644\u0623\u0646\u0641 \u060c \u0648\u0627\u0644\u062c\u0645\u0639\u064a\u0629 \u0627\u0644\u062f\u0648\u0644\u064a\u0629 \u0644\u0644\u062f\u0648\u0627\u0631 \u060c \u0648\u0627\u0644\u062c\u0645\u0639\u064a\u0629 \u0627\u0644\u062a\u0631\u0643\u064a\u0629 \u0644\u062c\u0631\u0627\u062d\u0629 \u0648\u062a\u062c\u0645\u064a\u0644 \u0627\u0644\u0648\u062c\u0647 \u060c \u0648\u0627\u0644\u062c\u0645\u0639\u064a\u0629 \u0627\u0644\u062a\u0631\u0643\u064a\u0629 \u0644\u0623\u0628\u062d\u0627\u062b \u0627\u0644\u062c\u0647\u0627\u0632 \u0627\u0644\u062a\u0646\u0641\u0633\u064a \u060c \u0648\u0627\u0644\u0623\u0643\u0627\u062f\u064a\u0645\u064a\u0629 \u0627\u0644\u0623\u0648\u0631\u0648\u0628\u064a\u0629 \u0644\u0644\u062d\u0633\u0627\u0633\u064a\u0629 \u0648\u0627\u0644\u0645\u0646\u0627\u0639\u0629 \u0627\u0644\u0633\u0631\u064a\u0631\u064a\u0629. \u0644\u0627 \u064a\u0632\u0627\u0644 \u062f\u0643\u062a\u0648\u0631 \u0623\u062f\u0647\u0645 \u0634\u0627\u0647\u064a\u0646 \u064a\u0633\u062a\u0642\u0628\u0644 \u0645\u0631\u0636\u0627\u0647 \u0641\u064a \u0639\u064a\u0627\u062f\u062a\u0647 \u0627\u0644\u062e\u0627\u0635\u0629 \u0627\u0644\u0648\u0627\u0642\u0639\u0629 \u0641\u064a \u0633\u0648\u0627\u062f\u064a\u0647 \u0634\u0627\u0631\u0639 \u0628\u063a\u062f\u0627\u062f.<\/p>\n<h2><strong>\u0627\u0644\u062d\u064a\u0627\u0629 \u0627\u0644\u0645\u0647\u0646\u064a\u0629<\/strong><\/h2>\n<ul>\n<li><strong>2018: \u0627\u0633\u062a\u0627\u0630 \u0645\u0634\u0627\u0631\u0643 \u0641\u064a \u0627\u0644\u0627\u0646\u0641 \u0648\u0627\u0644\u0627\u0630\u0646 \u0648\u0627\u0644\u062d\u0646\u062c\u0631\u0629 \u2013 \u0645\u0633\u062a\u0634\u0641\u0649 \u0628\u0627\u064a\u0646\u062f\u0631.<\/strong><\/li>\n<li><strong>2009 \u2013 Ba\u011fdat Cad. No:461 K:2 D:5 Suadiye, Kad\u0131k\u00f6y-\u0130stanbul, \u0627\u0644\u0649 \u0627\u0644\u0627\u0646: \u0645\u0633\u062a\u0634\u0641\u0649 \u0628\u0627\u064a\u0646\u062f\u0631 \u0627\u064a\u062a\u0634\u0631\u064a\u0646 \u0643\u0648\u064a. <\/strong><\/li>\n<li><strong>2007-2008: \u0627\u0644\u0648\u0638\u064a\u0641\u0629 \u0627\u0644\u0639\u0633\u0643\u0631\u064a\u0629 \u2013 \u0645\u0633\u062a\u0634\u0641\u0649 \u0627\u0633\u0628\u0627\u0631\u0637\u0627 \u0627\u0644\u0639\u0633\u0643\u0631\u064a. <\/strong><\/li>\n<li><strong>2006-2007: \u0648\u0638\u064a\u0641\u0629 \u062a\u062f\u0631\u064a\u0633\u064a\u0629 \u2013 \u062c\u0627\u0645\u0639\u0629 \u0645\u0627\u0644\u062a\u064a\u0628\u0647 \u0643\u0644\u064a\u0629 \u0627\u0644\u0637\u0628, \u0641\u0631\u0639 \u0627\u0644\u0627\u0646\u0641 \u0648\u0627\u0644\u0627\u0630\u0646 \u0648\u0627\u0644\u062d\u0646\u062c\u0631\u0629. <\/strong><\/li>\n<li><strong>2005-2006: \u0645\u062e\u062a\u0635 \u0627\u0646\u0641 \u0648\u0627\u0630\u0646 \u0648\u062d\u0646\u062c\u0631\u0629 \u2013 \u0639\u064a\u0627\u062f\u0629 \u0627\u0644\u0627\u0646\u0641 \u0648\u0627\u0644\u0627\u0630\u0646 \u0648\u0627\u0644\u062d\u0646\u062c\u0631\u0629 \u0644\u0645\u0633\u062a\u0634\u0641\u0649 \u0627\u0644\u062f\u0643\u062a\u0648\u0631 \u0633\u0639\u062f\u064a \u0643\u0648\u0646\u0648\u0643 \u0628\u0627\u0643\u064a\u0631\u0643\u0648\u064a. <\/strong><\/li>\n<li><strong>2005: \u0645\u0631\u0627\u0642\u0628\u0627\u062a \u0648\u0632\u064a\u0627\u0631\u0627\u062a \u062d\u0648\u0644 \u0627\u0644\u0634\u062e\u064a\u0631 \u0648\u062c\u0631\u0627\u062d\u0629 <\/strong><strong>OSAS<\/strong><strong> \u0639\u064a\u0627\u062f\u0629 \u0628\u0627\u0646 \u0641\u064a \u0643\u0648\u0644\u0646 \u0627\u0644\u0645\u0627\u0646\u064a\u0627. <\/strong><\/li>\n<li><strong>2005: \u0632\u064a\u0627\u0631\u0627\u062a \u0648\u0645\u0631\u0627\u0642\u0628\u0627\u062a \u0641\u064a \u0637\u0628 \u0627\u0644\u0627\u0646\u0641 \u0648\u062a\u062c\u0645\u064a\u0644 \u0627\u0644\u0648\u062c\u0647 \u0641\u064a \u0645\u062f\u0631\u0633\u0629 \u0645\u064a\u0627\u0645\u064a \u0644\u0644\u0637\u0628 \u0642\u0633\u0645 \u0627\u0644\u0627\u0646\u0641 \u0648\u0627\u0644\u0627\u0630\u0646 \u0648\u0627\u0644\u062d\u0646\u062c\u0631\u0629, \u0641\u0644\u0648\u0631\u064a\u062f\u0627 \u2013 \u0627\u0645\u0631\u064a\u0643\u0627. <\/strong><\/li>\n<li><strong>2001-2004: \u0645\u0633\u0627\u0639\u062f \u0644\u0644\u0627\u0646\u0641 \u0648\u0627\u0644\u0627\u0630\u0646 \u0648\u0627\u0644\u062d\u0646\u062c\u0631\u0629 &#8211; \u0639\u064a\u0627\u062f\u0629 \u0627\u0644\u0627\u0646\u0641 \u0648\u0627\u0644\u0627\u0630\u0646 \u0648\u0627\u0644\u062d\u0646\u062c\u0631\u0629 \u0644\u0645\u0633\u062a\u0634\u0641\u0649 \u0627\u0644\u062f\u0643\u062a\u0648\u0631 \u0633\u0639\u062f\u064a \u0643\u0648\u0646\u0648\u0643 \u0628\u0627\u0643\u064a\u0631\u0643\u0648\u064a.<\/strong><\/li>\n<li><strong>\u0627\u0644\u062c\u0645\u0639\u064a\u0629 \u0627\u0644\u062a\u0631\u0643\u064a\u0629 \u0644\u0627\u0645\u0631\u0627\u0636 \u0627\u0644\u0627\u0646\u0641 \u0648\u0627\u0644\u0627\u0630\u0646 \u0648\u0627\u0644\u062d\u0646\u062c\u0631\u0629 \u0648\u062c\u0631\u0627\u062d\u0629 \u0627\u0644\u0631\u0627\u0633 \u0648\u0627\u0644\u0639\u0646\u0642. <\/strong><\/li>\n<li><strong>\u0627\u062a\u062d\u0627\u062f \u0627\u0644\u0627\u0637\u0628\u0627\u0621 \u0627\u0644\u062a\u0631\u0643\u064a. <\/strong><\/li>\n<li><strong>\u062c\u0645\u0639\u064a\u0629 \u0627\u0628\u062d\u0627\u062b \u0627\u0644\u062c\u0647\u0627\u0632 \u0627\u0644\u062a\u0646\u0641\u0633\u064a \u0627\u0644\u062a\u0631\u0643\u064a. <\/strong><\/li>\n<li><strong>\u062c\u0645\u0639\u064a\u0629 \u0637\u0628 \u0627\u0644\u0627\u0646\u0641 \u0627\u0644\u062a\u0631\u0643\u064a\u0629. <\/strong><\/li>\n<li><strong>\u062c\u0645\u0639\u064a\u0629 \u062c\u0631\u0627\u062d\u0629 \u062a\u062c\u0645\u064a\u0644 \u0627\u0644\u0648\u062c\u0647 \u0627\u0644\u062a\u0631\u0643\u064a\u0629. <\/strong><\/li>\n<li><strong>\u062c\u0645\u0639\u064a\u0629 \u0627\u0644\u0627\u0646\u0641 \u0648\u0627\u0644\u0627\u0630\u0646 \u0648\u0627\u0644\u062d\u0646\u062c\u0631\u0629 \u0648\u062c\u0631\u0627\u062d\u0629 \u0627\u0644\u0631\u0627\u0633 \u0648\u0627\u0644\u0639\u0646\u0642 \u0641\u064a \u0627\u0633\u0637\u0646\u0628\u0648\u0644. <\/strong><\/li>\n<li><strong>\u0627\u0644\u0627\u0643\u0627\u062f\u064a\u0645\u064a\u0629 \u0627\u0644\u0627\u0648\u0631\u0648\u0628\u064a\u0629 \u0644\u0644\u062d\u0633\u0627\u0633\u064a\u0629 \u0648\u0627\u0644\u0645\u0646\u0627\u0639\u0629 \u0627\u0644\u0633\u0631\u064a\u0631\u064a\u0629. <\/strong><\/li>\n<li><strong>\u0627\u0644\u062c\u0645\u0639\u064a\u0629 \u0627\u0644\u0627\u0648\u0631\u0648\u0628\u064a\u0629 \u0644\u0637\u0628 \u0627\u0644\u0627\u0646\u0641.<\/strong><\/li>\n<li><strong>2001-2004: \u0627\u0644\u062a\u0639\u0644\u064a\u0645 \u0627\u0644\u062a\u062e\u0635\u0635\u064a &#8211; \u0639\u064a\u0627\u062f\u0629 \u0627\u0644\u0627\u0646\u0641 \u0648\u0627\u0644\u0627\u0630\u0646 \u0648\u0627\u0644\u062d\u0646\u062c\u0631\u0629 \u0644\u0645\u0633\u062a\u0634\u0641\u0649 \u0627\u0644\u062f\u0643\u062a\u0648\u0631 \u0633\u0639\u062f\u064a \u0643\u0648\u0646\u0648\u0643 \u0628\u0627\u0643\u064a\u0631\u0643\u0648\u064a.<\/strong><\/li>\n<li><strong>1994-2000: \u0637\u0628\u064a\u0628 \u0628\u0634\u0631\u064a \u2013 \u0643\u0644\u064a\u0629 \u0627\u0644\u0637\u0628 \u0644\u062c\u0627\u0645\u0639\u0629 \u0627\u0646\u0642\u0631\u0629. <\/strong><\/li>\n<li><strong>1992-1994: \u0647\u0646\u062f\u0633\u0629 \u0628\u064a\u0626\u064a\u0629 \u0641\u064a \u062c\u0627\u0645\u0639\u0629 \u0645\u0631\u0645\u0631\u0629. <\/strong><\/li>\n<li><strong>\u0646\u062a\u0627\u0626\u062c \u0627\u0644\u0639\u0644\u0627\u062c \u0627\u0644\u0645\u0646\u0627\u0639\u064a \u0627\u0644\u0645\u062d\u062f\u062f \u0636\u062f \u0639\u062b \u063a\u0628\u0627\u0631 \u0627\u0644\u0645\u0646\u0632\u0644 \u0644\u062f\u0649 \u0645\u0631\u0636\u0649 \u0627\u0644\u062a\u0647\u0627\u0628 \u0627\u0644\u0627\u0646\u0641 \u0627\u0644\u062a\u062d\u0633\u0633\u064a. <\/strong><\/li>\n<li><strong>\u0627\u0644\u0645\u0646\u062a\u062c\u0627\u062a \u0627\u0644\u0628\u062f\u064a\u0644\u0629 \u0644\u0639\u0644\u0627\u062c \u0627\u0644\u062a\u0647\u0627\u0628 \u0627\u0644\u0627\u0646\u0641 \u0627\u0644\u062a\u062d\u0633\u0633\u064a \u0648\u0627\u0644\u0637\u0631\u0642 \u0627\u0644\u0628\u062f\u064a\u0644\u0629. <\/strong><\/li>\n<li><strong>\u062a\u0642\u064a\u064a\u0645 \u0645\u0648\u0636\u0648\u0639\u064a \u0644\u0631\u0627\u0626\u062d\u0629 \u0627\u0644\u0641\u0645 \u0627\u0644\u0643\u0631\u064a\u0647\u0629 \u0644\u062f\u0649 \u0627\u0644\u0627\u0637\u0641\u0627\u0644.<\/strong><\/li>\n<li><strong>Antileukotrienes<\/strong><strong> \u0641\u064a \u0627\u0644\u0627\u0645\u0631\u0627\u0636 \u0627\u0644\u0627\u0644\u062a\u0647\u0627\u0628\u064a\u0629 \u0644\u0645\u062c\u0631\u0649 \u0627\u0644\u0647\u0648\u0627\u0621 \u0627\u0644\u0639\u0644\u0648\u064a. <\/strong><\/li>\n<li><strong>\u0627\u062b\u0627\u0631 \u0627\u0644\u062d\u0645\u0644 \u0639\u0644\u0649 \u0627\u0644\u0634\u0645.<\/strong><\/li>\n<li><strong>\u0641\u0639\u0627\u0644\u064a\u0629 \u0627\u0644\u0639\u0644\u0627\u062c \u0627\u0644\u0645\u0646\u0627\u0639\u064a \u062a\u062d\u062a \u0627\u0644\u0644\u0633\u0627\u0646 \u0644\u062d\u0633\u0627\u0633\u064a\u0629 \u0639\u062b \u063a\u0628\u0627\u0631 \u0627\u0644\u0645\u0646\u0632\u0644.<\/strong><\/li>\n<li><strong>\u062a\u0642\u064a\u064a\u0645 \u0646\u062a\u0627\u0626\u062c \u0627\u062e\u062a\u0628\u0627\u0631 \u0648\u062e\u0632 \u0627\u0644\u062c\u0644\u062f \u0644\u062f\u0649 \u0627\u0644\u0645\u0631\u0636\u0649 \u0627\u0644\u0630\u064a\u0646 \u064a\u0639\u0627\u0646\u0648\u0646 \u0645\u0646 \u0627\u0639\u0631\u0627\u0636 \u062d\u0633\u0627\u0633\u064a\u0629 \u0627\u0644\u062c\u0647\u0627\u0632 \u0627\u0644\u062a\u0646\u0641\u0633\u064a \u0641\u064a \u0645\u0646\u0637\u0642\u0629 \u0643\u0627\u062f\u064a\u0643\u0648\u064a \u0641\u064a \u0627\u0633\u0637\u0646\u0628\u0648\u0644. <\/strong><\/li>\n<li><strong>\u0641\u062d\u0635 \u0627\u0645\u0631\u0627\u0636 \u062c\u062f\u0627\u0631 \u0627\u0644\u0627\u0646\u0641 \u0627\u0644\u062c\u0627\u0646\u0628\u064a. <\/strong><\/li>\n<li><strong>\u062a\u0642\u0631\u064a\u0631 \u062d\u0627\u0644\u0629 \u062c\u0644\u0648\u0645\u0648\u0633. <\/strong><\/li>\n<li><strong>\u0627\u0644\u0639\u0644\u0627\u062c \u0627\u0644\u0645\u0646\u0627\u0639\u064a \u0645\u0646 \u062c\u0645\u064a\u0639 \u0627\u0644\u0646\u0648\u0627\u062d\u064a.<\/strong><\/li>\n<li><strong>\u0627\u0633\u062a\u062c\u0627\u0628\u0629 \u0627\u0644\u0627\u0646\u0633\u062c\u0629 \u0641\u064a \u0627\u0644\u062c\u0633\u0645 \u0627\u0644\u062d\u064a \u0648\u0642\u0648\u0629 \u062a\u062d\u0645\u0644 \u062e\u0645\u0633\u0629 \u0628\u0648\u0644\u064a\u0645\u0631\u0627\u062a \u0627\u0635\u0637\u0646\u0627\u0639\u064a\u0629 \u062c\u062f\u064a\u062f\u0629 \u0641\u064a \u0646\u0645\u0648\u0630\u062c \u0627\u0644\u0627\u0631\u0646\u0628. <\/strong><\/li>\n<li><strong>\u0647\u0644 \u0639\u0644\u0627\u062c \u0631\u064a\u0633\u0641\u064a\u0631\u0627\u062a\u0631\u0648\u0644 \u0639\u0646\u062f \u0627\u0633\u062a\u062e\u062f\u0627\u0645 \u0639\u0644\u0627\u062c \u0627\u0644\u062a\u0647\u0627\u0628 \u0627\u0644\u062c\u064a\u0648\u0628 \u0627\u0644\u0627\u0646\u0641\u064a\u0629 \u0627\u0644\u062a\u062d\u0633\u0633\u064a \u0641\u064a \u0627\u0644\u062c\u0631\u0630\u0627\u0646\u061f<\/strong><\/li>\n<li><strong>\u0627\u0644\u062f\u0627\u0621 \u0627\u0644\u0646\u0634\u0648\u0627\u0646\u064a \u0627\u0644\u0645\u0648\u0636\u0639\u064a \u0641\u064a \u0627\u0644\u062c\u0647\u0627\u0632 \u0627\u0644\u062a\u0646\u0641\u064a: \u062a\u062c\u0631\u0628\u062a\u0646\u0627 \u0644\u062b\u0644\u0627\u062b \u062d\u0627\u0644\u0627\u062a \u0648\u0645\u0631\u0627\u062c\u0639\u0629 \u0627\u0644\u0645\u0642\u0627\u0644\u0629.<\/strong><\/li>\n<li><strong>\u0627\u0644\u062a\u0627\u062b\u064a\u0631\u0627\u062a \u0637\u0648\u064a\u0644\u0629 \u0627\u0644\u0645\u062f\u0649 \u0644\u0644\u0639\u0644\u0627\u062c \u0627\u0644\u0645\u0646\u0627\u0639\u064a \u062a\u062d\u062a \u0627\u0644\u062c\u0644\u062f \u0627\u0644\u0646\u0648\u0639\u064a \u0644\u0645\u0633\u0628\u0628\u0627\u062a \u0627\u0644\u062d\u0633\u0627\u0633\u064a\u0629 \u0644\u0627\u0644\u062a\u0647\u0627\u0628 \u0627\u0644\u0627\u0646\u0641 \u0627\u0644\u062a\u062d\u0633\u0633\u064a \u0627\u0644\u0646\u0627\u062a\u062c \u0639\u0646 \u0639\u062b \u063a\u0628\u0627\u0631 \u0627\u0644\u0645\u0646\u0632\u0644.<\/strong><\/li>\n<li><strong>\u0627\u062f\u0627\u0631\u0629 \u0627\u0644\u062d\u0633\u0627\u0633\u064a\u0629 \u0627\u0644\u0645\u0641\u0631\u0637\u0629 \u0641\u064a \u0627\u0639\u062f\u0627\u062f \u0627\u0644\u0643\u062a\u0628.<\/strong><\/li>\n<li><strong>\u0627\u0644\u064a\u0629 \u0639\u0645\u0644 \u0627\u0644\u0639\u0644\u0627\u062c \u0627\u0644\u0645\u0646\u0627\u0639\u064a \u0644\u0644\u062d\u0633\u0627\u0633\u064a\u0629.<\/strong><\/li>\n<li><strong>\u0633\u0631\u0627\u0637\u0627\u0646 \u0627\u0644\u063a\u062f\u062f \u0627\u0644\u0644\u064a\u0645\u0641\u0627\u0648\u064a\u0629 \u0627\u0644\u062a\u0627\u0626\u064a\u0629 \u0641\u064a \u0645\u0646\u062a\u0635\u0641\u0629 \u0627\u0644\u0648\u062c\u0647 (\u062a\u0642\u0631\u064a\u0631 \u0627\u0644\u062d\u0627\u0644\u0629)<\/strong><\/li>\n<li><strong>\u0627\u0633\u062a\u062c\u0627\u0628\u0629 \u0627\u0644\u0627\u0646\u0641 \u0628\u0639\u062f \u0627\u0644\u0633\u0628\u0627\u062d\u0629.<\/strong><\/li>\n<li><strong>\u062a\u0642\u0646\u064a\u0627\u062a \u0648\u062e\u064a\u0627\u0637\u0629 \u0627\u0644\u0627\u0646\u0641.<\/strong><\/li>\n<li><strong>\u0646\u062a\u0627\u0626\u062c \u062a\u062d\u0644\u064a\u0644 \u0642\u064a\u0627\u0633 \u0627\u0644\u0631\u0627\u0633 \u0641\u064a \u0627\u0644\u0645\u0631\u0636\u0649 \u0627\u0644\u0630\u064a\u0646 \u064a\u0639\u0627\u0646\u0648\u0646 \u0645\u0646 \u0645\u062a\u0644\u0627\u0632\u0645\u0629 \u062a\u0648\u0642\u0641 \u0627\u0644\u062a\u0646\u0641\u0633 \u0627\u062b\u0646\u0627\u0621 \u0627\u0644\u0646\u0648\u0645.<\/strong><\/li>\n<li><strong>\u0646\u062a\u0627\u0626\u062c \u0637\u0628 \u0627\u0644\u0627\u0646\u0641 \u0648\u0627\u0644\u0627\u0630\u0646 \u0648\u0627\u0644\u062d\u0646\u062c\u0631\u0629 \u0641\u064a \u062f\u0627\u0621 \u0639\u062f\u064a\u062f \u0627\u0644\u0633\u0643\u0627\u0631\u064a\u062f \u0627\u0644\u0645\u062e\u0627\u0637\u064a.<\/strong><\/li>\n<li><strong>\u062d\u0627\u0644\u0629 \u0627\u0644\u0627\u0643\u0633\u062f\u0629 \u0641\u064a \u0627\u0644\u0645\u0631\u0636\u0649 \u0627\u0644\u0630\u064a\u0646 \u064a\u0639\u0627\u0646\u0648\u0646 \u0645\u0646 \u062f\u0648\u0627\u0631 \u0627\u0644\u0648\u0636\u0639\u0629 \u0627\u0644\u0627\u0646\u062a\u064a\u0627\u0628\u064a \u0627\u0644\u062d\u0645\u064a\u062f. <\/strong><\/li>\n<li><strong>\u062a\u0642\u0631\u064a\u0631 \u062d\u0627\u0644\u0629 \u0639\u0646 \u0643\u0631\u0629 \u0641\u0637\u0631 \u062a\u0642\u0639 \u0641\u064a \u0627\u0644\u062c\u064a\u0648\u0628 \u0627\u0644\u0627\u0646\u0641\u064a\u0629.<\/strong><\/li>\n<li><strong>\u062e\u0635\u0627\u0626\u0635 \u0627\u0633\u062a\u062c\u0627\u0628\u0629 \u0627\u062e\u062a\u0628\u0627\u0631 <\/strong><strong>Dix-Hallpike<\/strong><strong> \u0648\u0627\u0644\u0643\u0641\u0627\u0621\u0629 \u0642\u0635\u064a\u0631\u0629 \u0627\u0644\u0645\u062f\u0649 \u0644\u0645\u0646\u0627\u0648\u0631\u0629 <\/strong><strong>Epley<\/strong><strong> \u0641\u064a \u0627\u0644\u0645\u0631\u0636\u0649 \u0627\u0644\u0630\u064a\u0646 \u064a\u0639\u0627\u0646\u0648\u0646 \u0645\u0646 \u062f\u0648\u0627\u0631 \u0627\u0644\u0648\u0636\u0639\u0629 \u0627\u0644\u0627\u0646\u062a\u064a\u0627\u0628\u064a \u0627\u0644\u062d\u0645\u064a\u062f \u0641\u064a \u0627\u0644\u0642\u0646\u0627\u0629 \u0627\u0644\u062e\u0644\u0641\u064a\u0629. <\/strong><\/li>\n<li><strong>\u0627\u0644\u0631\u062f \u0639\u0644\u0649 \u0627\u0644\u062a\u0639\u0644\u064a\u0642: \u062a\u0642\u064a\u064a\u0645 \u0645\u0648\u0636\u0648\u0639\u064a \u0644\u0631\u0627\u0626\u062d\u0629 \u0627\u0644\u0641\u0645 \u0627\u0644\u0643\u0631\u064a\u0647\u0629 \u0644\u062f\u0649 \u0627\u0644\u0627\u0637\u0641\u0627\u0644 \u0627\u0644\u0645\u0635\u0627\u0628\u064a\u0646 \u0628\u0627\u0644\u0646\u0628\u0627\u062a\u0627\u062a \u0627\u0644\u063a\u0630\u0627\u0626\u064a\u0629 \u062e\u0644\u0627\u0644 \u0641\u062a\u0631\u062a\u064a \u0645\u0627 \u0642\u0628\u0644 \u0627\u0644\u062c\u0631\u0627\u062d\u0629 \u0648\u0628\u0639\u062f\u0647\u0627. <\/strong><\/li>\n<li><strong>\u0631\u0623\u0628 \u0627\u0644\u062d\u0646\u0627\u062c\u0631 \u0627\u0644\u0627\u0646\u0641\u0649 \u0644\u062f\u0649 \u0627\u0644\u0627\u0637\u0641\u0627\u0644.<\/strong><\/li>\n<li><strong>\u0642\u064a\u0645\u0629 \u0627\u0639\u0627\u062f\u0629 \u0627\u0644\u062a\u0623\u0647\u064a\u0644 \u0627\u0644\u062f\u0647\u0644\u064a\u0632\u064a \u0644\u062f\u0649 \u0645\u0631\u0636\u0649 \u0636\u0639\u0641 \u0627\u0644\u062c\u0647\u0627\u0632 \u0627\u0644\u062f\u0647\u0644\u064a\u0632\u064a \u0627\u0644\u062b\u0646\u0627\u0626\u064a.<\/strong><\/li>\n<li><strong>\u0627\u0644\u0639\u0648\u0627\u0645\u0644 \u0627\u0644\u0645\u0624\u0647\u0628\u0629 \u0641\u064a \u062a\u0643\u0648\u064a\u0646 \u0627\u0644\u0646\u0627\u0633\u0648\u0631 \u0627\u0644\u0628\u0644\u0639\u0648\u0645\u064a \u0627\u0644\u062c\u0644\u062f\u064a \u0628\u0639\u062f \u0627\u0633\u062a\u0626\u0635\u0627\u0644 \u0627\u0644\u062d\u0646\u062c\u0631\u0629 \u0627\u0644\u0643\u0644\u064a.<\/strong><\/li>\n<li><strong>\u0627\u0644\u062a\u0631\u062c\u0645\u0629 \u0627\u0644\u062a\u0631\u0643\u064a\u0629 \u0648\u0627\u0644\u062a\u0643\u064a\u064a\u0641 \u0639\u0628\u0631 \u0627\u0644\u062b\u0642\u0627\u0641\u0627\u062a \u0648\u0627\u0644\u062a\u062d\u0642\u0642 \u0645\u0646 \u0646\u062a\u0627\u0626\u062c \u0627\u062e\u062a\u0628\u0627\u0631 <\/strong><strong>SinoNasal (SNOT) -22<\/strong><strong>.<\/strong><\/li>\n<li><strong>\u0627\u0644\u0633\u0644 \u0641\u064a \u0627\u0644\u062c\u0647\u0627\u0632 \u0627\u0644\u062a\u0646\u0641\u0633\u064a: \u062a\u062c\u0631\u0628\u062a\u0646\u0627 \u0645\u0646 \u0642\u0644\u0627\u0642 \u062d\u0627\u0644\u0627\u062a.<\/strong><\/li>\n<li><strong>\u0647\u0644 \u0633\u064a\u0643\u0648\u0646 \u0627\u062d\u062f \u0627\u0644\u0646\u0627\u062c\u064a\u0646 \u0644\u0627\u0636\u0627\u0641\u0629 \u062d\u0645\u0636 \u0627\u0644\u0643\u0644\u0627\u0641\u0648\u0644\u0627\u0646\u064a\u0643 \u0627\u0644\u0649 \u0627\u0644\u0633\u064a\u0641\u0627\u0644\u0648\u0633\u0628\u0648\u0631\u064a\u0646\u0627\u062a \u0644\u0644\u062a\u063a\u0644\u0628 \u0639\u0644\u0649 \u0645\u0634\u0643\u0644\u0629 \u0627\u0644\u0645\u0642\u0627\u0648\u0645\u0629 <\/strong><\/li>\n<\/ul>\n<\/div>\n<\/div>\n","protected":false},"excerpt":{"rendered":"<p>\u0633\u064a\u0631\u0629 \u0634\u062e\u0635\u064a\u0629 \u062a\u062e\u0631\u062c \u0627\u0644\u0627\u062e\u0635\u0627\u0626\u064a \u0627\u0644\u062f\u0643\u0646\u0648\u0631 \u0627\u062f\u0647\u0645 \u0634\u0627\u0647\u064a\u0646 \u0645\u0646 \u0643\u0644\u064a\u0629 \u0627\u0644\u0637\u0628 \u0628\u062c\u0627\u0645\u0639\u0629 \u0623\u0646\u0642\u0631\u0629 \u0648\u0623\u0643\u0645\u0644 \u062a\u062f\u0631\u064a\u0628\u0647 \u0627\u0644\u062a\u062e\u0635\u0635\u064a \u0641\u064a \u0645\u0634\u0641\u064a \u062f.\u0633\u0639\u062f\u064a \u0643\u0648\u0646\u0648\u0643 \u0644\u0644\u062a\u062f\u0631\u064a\u0628 \u0648\u0627\u0644\u0628\u062d\u062b \u0641\u064a \u0639\u064a\u0627\u062f\u0629 \u0627\u0644\u0623\u0646\u0641 \u0648\u0627\u0644\u0623\u0630\u0646 \u0648\u0627\u0644\u062d\u0646\u062c\u0631\u0629. \u0641\u064a \u0639\u0627\u0645 2005 \u060c \u0642\u0627\u0645 \u0628\u0645\u0639\u0627\u064a\u0646\u0627\u062a \u0648\u0645\u0644\u0627\u062d\u0638\u0627\u062a \u062d\u0648\u0644 \u0637\u0628 \u0627\u0644\u0623\u0646\u0641 \u0648\u062a\u062c\u0645\u064a\u0644 \u0627\u0644\u0648\u062c\u0647 \u0641\u064a \u0643\u0644\u064a\u0629 \u0627\u0644\u0637\u0628 \u0628\u062c\u0627\u0645\u0639\u0629 \u0645\u064a\u0627\u0645\u064a \u0642\u0633\u0645 \u0637\u0628 \u0627\u0644\u0623\u0646\u0641 \u0648\u0627\u0644\u0623\u0630\u0646 \u0648\u0627\u0644\u062d\u0646\u062c\u0631\u0629 \u060c \u0648\u0642\u0627\u0645 \u0628\u0645\u0639\u0627\u064a\u0646\u0627\u062a \u0641\u064a \u062c\u0631\u0627\u062d\u0629 \u0627\u0644\u0634\u062e\u064a\u0631 \u0648\u062c\u0631\u0627\u062d\u0629 [&hellip;]<\/p>\n","protected":false},"author":2,"featured_media":0,"parent":0,"menu_order":0,"comment_status":"closed","ping_status":"closed","template":"","meta":{"ngg_post_thumbnail":0,"footnotes":""},"class_list":["post-81","page","type-page","status-publish","hentry"],"_links":{"self":[{"href":"https:\/\/www.doktorkbb.com\/ar\/wp-json\/wp\/v2\/pages\/81","targetHints":{"allow":["GET"]}}],"collection":[{"href":"https:\/\/www.doktorkbb.com\/ar\/wp-json\/wp\/v2\/pages"}],"about":[{"href":"https:\/\/www.doktorkbb.com\/ar\/wp-json\/wp\/v2\/types\/page"}],"author":[{"embeddable":true,"href":"https:\/\/www.doktorkbb.com\/ar\/wp-json\/wp\/v2\/users\/2"}],"replies":[{"embeddable":true,"href":"https:\/\/www.doktorkbb.com\/ar\/wp-json\/wp\/v2\/comments?post=81"}],"version-history":[{"count":0,"href":"https:\/\/www.doktorkbb.com\/ar\/wp-json\/wp\/v2\/pages\/81\/revisions"}],"wp:attachment":[{"href":"https:\/\/www.doktorkbb.com\/ar\/wp-json\/wp\/v2\/media?parent=81"}],"curies":[{"name":"wp","href":"https:\/\/api.w.org\/{rel}","templated":true}]}}